{"id":9398,"date":"2024-08-27T11:09:29","date_gmt":"2024-08-27T11:09:29","guid":{"rendered":"https:\/\/themewant.com\/products\/wordpress\/unipix\/about-us\/?page_id=9398"},"modified":"2026-01-19T13:13:48","modified_gmt":"2026-01-19T12:13:48","slug":"formations-certifications","status":"publish","type":"page","link":"https:\/\/didacweb.shop\/cedic2026\/formations-certifications\/","title":{"rendered":"Formations &#038; Certifications"},"content":{"rendered":"\t\t<div data-elementor-type=\"wp-page\" data-elementor-id=\"9398\" class=\"elementor elementor-9398\">\n\t\t\t\t<div class=\"elementor-element elementor-element-916a406 e-flex e-con-boxed rt-default-class e-con e-parent\" data-id=\"916a406\" data-element_type=\"container\">\n\t\t\t\t\t<div class=\"e-con-inner\">\n\t\t\t\t<div class=\"elementor-element elementor-element-b55d7b3 rt-default-class elementor-widget elementor-widget-heading\" data-id=\"b55d7b3\" data-element_type=\"widget\" data-widget_type=\"heading.default\">\n\t\t\t\t\t<h1 class=\"elementor-heading-title elementor-size-default\">Nos Formations &amp; Certifications\n<\/h1>\t\t\t\t<\/div>\n\t\t<div class=\"elementor-element elementor-element-7b46513 e-con-full e-flex rt-default-class e-con e-child\" data-id=\"7b46513\" data-element_type=\"container\">\n\t\t\t\t<div class=\"elementor-element elementor-element-091125c rt-default-class elementor-widget elementor-widget-rt-academic\" data-id=\"091125c\" data-element_type=\"widget\" data-widget_type=\"rt-academic.default\">\n\t\t\t\t<div class=\"elementor-widget-container\">\n\t\t\t\t\t       \n\n        <div class=\"search-filter\">\n            <div class=\"row g-5\">\n                <div class=\"col-lg-7 col-md-6\">\n                    <div class=\"category-search\">\n                                                    <h6>Domaines d'\u00e9tude :<\/h6>\n                                                    <form action=\"#\" class=\"cat-search-form\" onsubmit=\"return false;\">\n                            <input type=\"text\" placeholder=\"Qu&#039;est-ce vous t&#039;int\u00e9resse\u202f?\" name=\"s\" id=\"cat\">\n                            <button type=\"button\" class=\"cat-search\"><i aria-hidden=\"true\" class=\"rt rt-search\"><\/i><\/button>\n                        <\/form>\n                    <\/div>\n                <\/div>\n                <div class=\"col-lg-5 col-md-6\">\n                    <div class=\"category-filter\">\n                                                    <h6>Type de d\u00e9partement :<\/h6>\n                                                    <select name=\"cat-search\" id=\"cat-filter\">\n                            <option value=\"\">All Departments<\/option>\n                            \n                                    <option value=\"15380\">D\u00e9partement Humanitaire, Paix et D\u00e9veloppement<\/option>\n\n                                    \n                                    <option value=\"15377\">D\u00e9partement du Management des Risques \u00c9cologiques<\/option>\n\n                                    \n                                    <option value=\"15375\">D\u00e9partement des Droits de l\u2019Homme et de la Diversit\u00e9<\/option>\n\n                                    \n                                    <option value=\"1577\">D\u00e9partement de la Gouvernance Internationale<\/option>\n\n                                                            <\/select>\n                    <\/div>\n                <\/div>\n            <\/div>\n        <\/div>\n        <div class=\"all-program-category\">  \n            <div class=\"full-screen-ajax-loader\">\n                <div class=\"inner-bg\"><\/div>\n                <span class=\"ajax-loader\"><img decoding=\"async\" src=\"https:\/\/didacweb.shop\/cedic2026\/wp-content\/plugins\/rt-elements\/widgets\/academic-area\/\/white-spinner.gif\"><\/span>\n            <\/div>\n            <div class=\"row\">                       \n                                <div class=\"col-lg-3 col-md-4 col-sm-6\">\n                        <div class=\"single-cat-item\">\n                            <div class=\"cat-thumb\">\n                                <img fetchpriority=\"high\" decoding=\"async\" width=\"300\" height=\"260\" src=\"https:\/\/didacweb.shop\/cedic2026\/wp-content\/uploads\/2024\/08\/Droits-de-lHomme-et-Gestion-de-la-Diversite-300x260.jpg\" class=\"attachment-unipix-program size-unipix-program wp-post-image\" alt=\"\" \/>                                                                    <a href=\"https:\/\/didacweb.shop\/cedic2026\/rt-program\/droits-de-lhomme-et-gestion-de-la-diversite\/\" class=\"cat-link-btn\">Certifications<\/a>\n                                                                <\/div>\n                            <div class=\"cat-meta\">\n                                <div class=\"cat-title\">\n                                    <a href=\"https:\/\/didacweb.shop\/cedic2026\/rt-program\/droits-de-lhomme-et-gestion-de-la-diversite\/\">Droits de l\u2019Homme et Gestion de la Diversit\u00e9<\/a>\n                                <\/div>\n                                <div class=\"cat-link\">\n                                    <a href=\"https:\/\/didacweb.shop\/cedic2026\/rt-program\/droits-de-lhomme-et-gestion-de-la-diversite\/\" class=\"cat-link-arrow\"><i class=\"rt-arrow-right\"><\/i><\/a>\n                                <\/div>\n                            <\/div>\n\n                        <\/div>\n                    <\/div>\n\n                                        <div class=\"col-lg-3 col-md-4 col-sm-6\">\n                        <div class=\"single-cat-item\">\n                            <div class=\"cat-thumb\">\n                                <img decoding=\"async\" width=\"300\" height=\"260\" src=\"https:\/\/didacweb.shop\/cedic2026\/wp-content\/uploads\/2024\/08\/Management-des-Risques-Ecologiques-1-300x260.jpg\" class=\"attachment-unipix-program size-unipix-program wp-post-image\" alt=\"\" \/>                                                                    <a href=\"https:\/\/didacweb.shop\/cedic2026\/rt-program\/management-des-risques-ecologiques\/\" class=\"cat-link-btn\">Certifications<\/a>\n                                                                <\/div>\n                            <div class=\"cat-meta\">\n                                <div class=\"cat-title\">\n                                    <a href=\"https:\/\/didacweb.shop\/cedic2026\/rt-program\/management-des-risques-ecologiques\/\">Management des Risques \u00c9cologiques<\/a>\n                                <\/div>\n                                <div class=\"cat-link\">\n                                    <a href=\"https:\/\/didacweb.shop\/cedic2026\/rt-program\/management-des-risques-ecologiques\/\" class=\"cat-link-arrow\"><i class=\"rt-arrow-right\"><\/i><\/a>\n                                <\/div>\n                            <\/div>\n\n                        <\/div>\n                    <\/div>\n\n                                        <div class=\"col-lg-3 col-md-4 col-sm-6\">\n                        <div class=\"single-cat-item\">\n                            <div class=\"cat-thumb\">\n                                <img decoding=\"async\" width=\"300\" height=\"260\" src=\"https:\/\/didacweb.shop\/cedic2026\/wp-content\/uploads\/2024\/08\/Gouvernance-Internationale-1-300x260.jpg\" class=\"attachment-unipix-program size-unipix-program wp-post-image\" alt=\"\" \/>                                                                    <a href=\"https:\/\/didacweb.shop\/cedic2026\/rt-program\/gouvernance-internationale\/\" class=\"cat-link-btn\">Certifications<\/a>\n                                                                <\/div>\n                            <div class=\"cat-meta\">\n                                <div class=\"cat-title\">\n                                    <a href=\"https:\/\/didacweb.shop\/cedic2026\/rt-program\/gouvernance-internationale\/\">Gouvernance Internationale<\/a>\n                                <\/div>\n                                <div class=\"cat-link\">\n                                    <a href=\"https:\/\/didacweb.shop\/cedic2026\/rt-program\/gouvernance-internationale\/\" class=\"cat-link-arrow\"><i class=\"rt-arrow-right\"><\/i><\/a>\n                                <\/div>\n                            <\/div>\n\n                        <\/div>\n                    <\/div>\n\n                                        <div class=\"col-lg-3 col-md-4 col-sm-6\">\n                        <div class=\"single-cat-item\">\n                            <div class=\"cat-thumb\">\n                                <img loading=\"lazy\" decoding=\"async\" width=\"300\" height=\"260\" src=\"https:\/\/didacweb.shop\/cedic2026\/wp-content\/uploads\/2026\/01\/Metiers-de-lHumanitaire-de-la-Paix-et-du-Developpement-300x260.jpg\" class=\"attachment-unipix-program size-unipix-program wp-post-image\" alt=\"\" \/>                                                                    <a href=\"https:\/\/didacweb.shop\/cedic2026\/rt-program\/metiers-de-lhumanitaire-de-la-paix-et-du-developpement\/\" class=\"cat-link-btn\">Formations<\/a>\n                                                                <\/div>\n                            <div class=\"cat-meta\">\n                                <div class=\"cat-title\">\n                                    <a href=\"https:\/\/didacweb.shop\/cedic2026\/rt-program\/metiers-de-lhumanitaire-de-la-paix-et-du-developpement\/\">M\u00e9tiers de l\u2019Humanitaire de la Paix et du D\u00e9veloppement<\/a>\n                                <\/div>\n                                <div class=\"cat-link\">\n                                    <a href=\"https:\/\/didacweb.shop\/cedic2026\/rt-program\/metiers-de-lhumanitaire-de-la-paix-et-du-developpement\/\" class=\"cat-link-arrow\"><i class=\"rt-arrow-right\"><\/i><\/a>\n                                <\/div>\n                            <\/div>\n\n                        <\/div>\n                    <\/div>\n\n                        \n            <\/div>\n        <\/div> \n\n                            <div class=\"academic-pagination-load-more text-center\">\n                        <p class=\"no-result-notice\"><\/p>\n                        <button class=\"load-more-btn load\" current-page=\"2\">Charger plus                            <span class=\"ajax-loader\"><img decoding=\"async\" src=\"https:\/\/didacweb.shop\/cedic2026\/wp-content\/plugins\/rt-elements\/widgets\/academic-area\/\/white-spinner.gif\"><\/span>\n                        <\/button>\n                    <\/div>\n                    \n        <!-- start pagination  -->\n\t\t\t<script>\n\t\t\t\t(function ($) {\n\t\t\t\t\t$(document).ready(function () {\n\n                        \/\/ Prevent form submission on enter key\n                        $('.cat-search-form').on('submit', function(e) {\n                            e.preventDefault();\n                            return false;\n                        });\n\n                        \/\/ Handle search button click\n                        $('.cat-search').on('click', function(e) {\n                            e.preventDefault();\n                            $('.search-filter .category-search .cat-search-form input').trigger('keyup');\n                        });\n\n                        function searchPrograms( ) { \n                            \n                         }\n                 \n                        $('.search-filter .category-search .cat-search-form input, .search-filter .category-filter select#cat-filter').on('keyup change paste', function (e) { \n\n                            $('.full-screen-ajax-loader').css('display', 'inline-block');\n\n                           \n\n\t\t\t\t\t\t\tlet searchKey = $('.search-filter .category-search .cat-search-form input').val();\n\n                            let departmentId = $('.search-filter .category-filter select#cat-filter').val();\n\n                            $('.no-result-notice').html('');\n\n                            let paginationBtn = $('.academic-pagination-load-more .load-more-btn');\n\n                            \n                            \n\t\t\t\t\t\t\t$.ajax({\n\t\t\t\t\t\t\t\ttype: \"post\",\n\t\t\t\t\t\t\t\turl: rtajax.ajaxurl,\n\t\t\t\t\t\t\t\tdata: {\n\t\t\t\t\t\t\t\t\taction: 'getAcademicSearchResult',\n\t\t\t\t\t\t\t\t\targs: '{\"post_type\":\"rt-program\",\"post_status\":\"publish\",\"posts_per_page\":\"12\",\"order\":\"ASC\"}',\n\t\t\t\t\t\t\t\t\tsettings:  '{\"thumbnail_size\":\"unipix-program\"}',\n                                    searchKey: searchKey,\n                                    departmentId: departmentId,\n\t\t\t\t\t\t\t\t},\n\n\t\t\t\t\t\t\t\t\/\/dataType: \"json\",\n\t\t\t\t\t\t\t\tsuccess: function (response) {\n\t\t\t\t\t\t\t\t\tsetTimeout(() => {\n\t\t\t\t\t\t\t\t\t\tif(response){\n\t\t\t\t\t\t\t\t\t\t\t\/\/$('.teams-pagination-load-more .ajax-loader').css('display', 'none');\n                                            $('.full-screen-ajax-loader').css('display', 'none');\n\t\t\t\t\t\t\t\t\t\t\t$('.all-program-category .row').html(response);\n\n                                            let result_count = $('.all-program-category .row .result-col').length;\n\n                                            if(result_count < 2){\n                                                $(paginationBtn).hide();\n                                            }else{\n                                                $(paginationBtn).css('display', 'inline-block');\n                                            };\n\t\t\t\t\t\t\t\t\t\t}\n                                        if(response.success == false){\n                                            $(paginationBtn).hide();\n\t\t\t\t\t\t\t\t\t\t\t$('.no-result-notice').html('Oops! No Results Found.');\n\t\t\t\t\t\t\t\t\t\t}\n\t\t\t\t\t\t\t\t\t}, 1500);\n\t\t\t\t\t\t\t\t\t\n\t\t\t\t\t\t\t\t\t\n\t\t\t\t\t\t\t\t\t\n\t\t\t\t\t\t\t\t\t\n\t\t\t\t\t\t\t\t}\n\t\t\t\t\t\t\t});\n\t\t\t\t\t\t});\n\n\t\t\t\t\t\t$('.academic-pagination-load-more .load-more-btn').click(function (e) { \n\t\t\t\t\t\t\te.preventDefault();\n\t\t\t\t\t\t\t$('.academic-pagination-load-more .ajax-loader').css('display', 'inline-block');\n                            $('.full-screen-ajax-loader').css('display', 'inline-block');\n\n\t\t\t\t\t\t\tlet paginationBtn = $(this);\n\t\t\t\t\t\t\tlet currentPage = $(paginationBtn).attr('current-page');\n                            let searchKey = $('.search-filter .category-search .cat-search-form input').val();\n                            let departmentId = $('.search-filter .category-filter select#cat-filter').val();\t\t\t\t\t\t\t\n\t\t\t\t\t\t\t\n\t\t\t\t\t\t\t$.ajax({\n\t\t\t\t\t\t\t\ttype: \"post\",\n\t\t\t\t\t\t\t\turl: rtajax.ajaxurl,\n\t\t\t\t\t\t\t\tdata: {\n\t\t\t\t\t\t\t\t\taction: 'getAcademicSearchResult',\n\t\t\t\t\t\t\t\t\targs: '{\"post_type\":\"rt-program\",\"post_status\":\"publish\",\"posts_per_page\":\"12\",\"order\":\"ASC\"}',\n\t\t\t\t\t\t\t\t\tsettings:  '{\"thumbnail_size\":\"unipix-program\"}',\n                                    searchKey: searchKey,\n                                    departmentId: departmentId,\n\t\t\t\t\t\t\t\t\tcurrentPage: currentPage\n\t\t\t\t\t\t\t\t},\n\t\t\t\t\t\t\t\t\/\/dataType: \"json\",\n\t\t\t\t\t\t\t\tsuccess: function (response) {\n\t\t\t\t\t\t\t\t\tsetTimeout(() => {\n\t\t\t\t\t\t\t\t\t\tif(response){\n\t\t\t\t\t\t\t\t\t\t\t$('.academic-pagination-load-more .ajax-loader').css('display', 'none');\n\t\t\t\t\t\t\t\t\t\t\t$('.full-screen-ajax-loader').css('display', 'none');\n\t\t\t\t\t\t\t\t\t\t\t$('.all-program-category .row').append(response);\n\t\t\t\t\t\t\t\t\t\t\t$(paginationBtn).attr('current-page', parseInt(currentPage) + parseInt(1));\n\t\t\t\t\t\t\t\t\t\t\tif(response.success == false){\n\t\t\t\t\t\t\t\t\t\t\t\t$(paginationBtn).hide();\n\t\t\t\t\t\t\t\t\t\t\t\t$('.no-result-notice').html('Oops! No More Results Found.');\n\t\t\t\t\t\t\t\t\t\t\t}\n\t\t\t\t\t\t\t\t\t\t}\n\t\t\t\t\t\t\t\t\t}, 1500);\n\t\t\t\t\t\t\t\t\t\n\t\t\t\t\t\t\t\t}\n\t\t\t\t\t\t\t});\n\n\n\t\t\t\t\t\t});\n\t\t\n\t\t\t\t\t});\n\t\t\t\t})(jQuery);\n\t\t\t<\/script>\n        \t\t\t\t<\/div>\n\t\t\t\t<\/div>\n\t\t\t\t<\/div>\n\t\t\t\t\t<\/div>\n\t\t\t\t<\/div>\n\t\t\t\t<\/div>\n\t\t","protected":false},"excerpt":{"rendered":"<p>Nos Formations &amp; Certifications Domaines d&#8217;\u00e9tude : Type de d\u00e9partement : All DepartmentsD\u00e9partement Humanitaire, Paix et D\u00e9veloppementD\u00e9partement du Management des Risques \u00c9cologiquesD\u00e9partement des Droits de l\u2019Homme et de la Diversit\u00e9D\u00e9partement&#8230;<\/p>\n","protected":false},"author":1,"featured_media":0,"parent":0,"menu_order":0,"comment_status":"closed","ping_status":"closed","template":"elementor_header_footer","meta":{"footnotes":""},"class_list":["post-9398","page","type-page","status-publish","hentry"],"yoast_head":"<!-- This site is optimized with the Yoast SEO plugin v26.7 - https:\/\/yoast.com\/wordpress\/plugins\/seo\/ -->\n<title>Formations &amp; Certifications - CEDIC<\/title>\n<meta name=\"description\" content=\"Le CEDIC propose des formations juridique professionnelle et certifications professionnelles en droit international, gouvernance et droits de l\u2019Homme.\" \/>\n<meta name=\"robots\" content=\"index, follow, max-snippet:-1, max-image-preview:large, max-video-preview:-1\" \/>\n<link rel=\"canonical\" href=\"https:\/\/didacweb.shop\/cedic2026\/formations-certifications\/\" \/>\n<meta property=\"og:locale\" content=\"fr_FR\" \/>\n<meta property=\"og:type\" content=\"article\" \/>\n<meta property=\"og:title\" content=\"Formations &amp; Certifications - CEDIC\" \/>\n<meta property=\"og:description\" content=\"Le CEDIC propose des formations juridique professionnelle et certifications professionnelles en droit international, gouvernance et droits de l\u2019Homme.\" \/>\n<meta property=\"og:url\" content=\"https:\/\/didacweb.shop\/cedic2026\/formations-certifications\/\" \/>\n<meta property=\"og:site_name\" content=\"CEDIC\" \/>\n<meta property=\"article:modified_time\" content=\"2026-01-19T12:13:48+00:00\" \/>\n<meta property=\"og:image\" content=\"https:\/\/didacweb.shop\/cedic2026\/wp-content\/plugins\/rt-elements\/widgets\/academic-area\/\/white-spinner.gif\" \/>\n<meta name=\"twitter:card\" content=\"summary_large_image\" \/>\n<meta name=\"twitter:label1\" content=\"Dur\u00e9e de lecture estim\u00e9e\" \/>\n\t<meta name=\"twitter:data1\" content=\"2 minutes\" \/>\n<script type=\"application\/ld+json\" class=\"yoast-schema-graph\">{\"@context\":\"https:\/\/schema.org\",\"@graph\":[{\"@type\":\"WebPage\",\"@id\":\"https:\/\/didacweb.shop\/cedic2026\/formations-certifications\/\",\"url\":\"https:\/\/didacweb.shop\/cedic2026\/formations-certifications\/\",\"name\":\"Formations & Certifications - CEDIC\",\"isPartOf\":{\"@id\":\"https:\/\/didacweb.shop\/cedic2026\/#website\"},\"primaryImageOfPage\":{\"@id\":\"https:\/\/didacweb.shop\/cedic2026\/formations-certifications\/#primaryimage\"},\"image\":{\"@id\":\"https:\/\/didacweb.shop\/cedic2026\/formations-certifications\/#primaryimage\"},\"thumbnailUrl\":\"https:\/\/didacweb.shop\/cedic2026\/wp-content\/plugins\/rt-elements\/widgets\/academic-area\/\/white-spinner.gif\",\"datePublished\":\"2024-08-27T11:09:29+00:00\",\"dateModified\":\"2026-01-19T12:13:48+00:00\",\"description\":\"Le CEDIC propose des formations juridique professionnelle et certifications professionnelles en droit international, gouvernance et droits de l\u2019Homme.\",\"breadcrumb\":{\"@id\":\"https:\/\/didacweb.shop\/cedic2026\/formations-certifications\/#breadcrumb\"},\"inLanguage\":\"fr-FR\",\"potentialAction\":[{\"@type\":\"ReadAction\",\"target\":[\"https:\/\/didacweb.shop\/cedic2026\/formations-certifications\/\"]}]},{\"@type\":\"ImageObject\",\"inLanguage\":\"fr-FR\",\"@id\":\"https:\/\/didacweb.shop\/cedic2026\/formations-certifications\/#primaryimage\",\"url\":\"https:\/\/didacweb.shop\/cedic2026\/wp-content\/plugins\/rt-elements\/widgets\/academic-area\/\/white-spinner.gif\",\"contentUrl\":\"https:\/\/didacweb.shop\/cedic2026\/wp-content\/plugins\/rt-elements\/widgets\/academic-area\/\/white-spinner.gif\"},{\"@type\":\"BreadcrumbList\",\"@id\":\"https:\/\/didacweb.shop\/cedic2026\/formations-certifications\/#breadcrumb\",\"itemListElement\":[{\"@type\":\"ListItem\",\"position\":1,\"name\":\"Accueil\",\"item\":\"https:\/\/didacweb.shop\/cedic2026\/\"},{\"@type\":\"ListItem\",\"position\":2,\"name\":\"Formations &#038; Certifications\"}]},{\"@type\":\"WebSite\",\"@id\":\"https:\/\/didacweb.shop\/cedic2026\/#website\",\"url\":\"https:\/\/didacweb.shop\/cedic2026\/\",\"name\":\"CEDIC\",\"description\":\"Centre d&#039;\u00c9tude et de Recherche de Droit International et Communautaire\",\"publisher\":{\"@id\":\"https:\/\/didacweb.shop\/cedic2026\/#organization\"},\"potentialAction\":[{\"@type\":\"SearchAction\",\"target\":{\"@type\":\"EntryPoint\",\"urlTemplate\":\"https:\/\/didacweb.shop\/cedic2026\/?s={search_term_string}\"},\"query-input\":{\"@type\":\"PropertyValueSpecification\",\"valueRequired\":true,\"valueName\":\"search_term_string\"}}],\"inLanguage\":\"fr-FR\"},{\"@type\":\"Organization\",\"@id\":\"https:\/\/didacweb.shop\/cedic2026\/#organization\",\"name\":\"CEDIC\",\"url\":\"https:\/\/didacweb.shop\/cedic2026\/\",\"logo\":{\"@type\":\"ImageObject\",\"inLanguage\":\"fr-FR\",\"@id\":\"https:\/\/didacweb.shop\/cedic2026\/#\/schema\/logo\/image\/\",\"url\":\"https:\/\/didacweb.shop\/cedic2026\/wp-content\/uploads\/2024\/08\/cropped-Logo-cedic1.png\",\"contentUrl\":\"https:\/\/didacweb.shop\/cedic2026\/wp-content\/uploads\/2024\/08\/cropped-Logo-cedic1.png\",\"width\":250,\"height\":250,\"caption\":\"CEDIC\"},\"image\":{\"@id\":\"https:\/\/didacweb.shop\/cedic2026\/#\/schema\/logo\/image\/\"}}]}<\/script>\n<!-- \/ Yoast SEO plugin. -->","yoast_head_json":{"title":"Formations & Certifications - CEDIC","description":"Le CEDIC propose des formations juridique professionnelle et certifications professionnelles en droit international, gouvernance et droits de l\u2019Homme.","robots":{"index":"index","follow":"follow","max-snippet":"max-snippet:-1","max-image-preview":"max-image-preview:large","max-video-preview":"max-video-preview:-1"},"canonical":"https:\/\/didacweb.shop\/cedic2026\/formations-certifications\/","og_locale":"fr_FR","og_type":"article","og_title":"Formations & Certifications - CEDIC","og_description":"Le CEDIC propose des formations juridique professionnelle et certifications professionnelles en droit international, gouvernance et droits de l\u2019Homme.","og_url":"https:\/\/didacweb.shop\/cedic2026\/formations-certifications\/","og_site_name":"CEDIC","article_modified_time":"2026-01-19T12:13:48+00:00","og_image":[{"url":"https:\/\/didacweb.shop\/cedic2026\/wp-content\/plugins\/rt-elements\/widgets\/academic-area\/\/white-spinner.gif","type":"","width":"","height":""}],"twitter_card":"summary_large_image","twitter_misc":{"Dur\u00e9e de lecture estim\u00e9e":"2 minutes"},"schema":{"@context":"https:\/\/schema.org","@graph":[{"@type":"WebPage","@id":"https:\/\/didacweb.shop\/cedic2026\/formations-certifications\/","url":"https:\/\/didacweb.shop\/cedic2026\/formations-certifications\/","name":"Formations & Certifications - CEDIC","isPartOf":{"@id":"https:\/\/didacweb.shop\/cedic2026\/#website"},"primaryImageOfPage":{"@id":"https:\/\/didacweb.shop\/cedic2026\/formations-certifications\/#primaryimage"},"image":{"@id":"https:\/\/didacweb.shop\/cedic2026\/formations-certifications\/#primaryimage"},"thumbnailUrl":"https:\/\/didacweb.shop\/cedic2026\/wp-content\/plugins\/rt-elements\/widgets\/academic-area\/\/white-spinner.gif","datePublished":"2024-08-27T11:09:29+00:00","dateModified":"2026-01-19T12:13:48+00:00","description":"Le CEDIC propose des formations juridique professionnelle et certifications professionnelles en droit international, gouvernance et droits de l\u2019Homme.","breadcrumb":{"@id":"https:\/\/didacweb.shop\/cedic2026\/formations-certifications\/#breadcrumb"},"inLanguage":"fr-FR","potentialAction":[{"@type":"ReadAction","target":["https:\/\/didacweb.shop\/cedic2026\/formations-certifications\/"]}]},{"@type":"ImageObject","inLanguage":"fr-FR","@id":"https:\/\/didacweb.shop\/cedic2026\/formations-certifications\/#primaryimage","url":"https:\/\/didacweb.shop\/cedic2026\/wp-content\/plugins\/rt-elements\/widgets\/academic-area\/\/white-spinner.gif","contentUrl":"https:\/\/didacweb.shop\/cedic2026\/wp-content\/plugins\/rt-elements\/widgets\/academic-area\/\/white-spinner.gif"},{"@type":"BreadcrumbList","@id":"https:\/\/didacweb.shop\/cedic2026\/formations-certifications\/#breadcrumb","itemListElement":[{"@type":"ListItem","position":1,"name":"Accueil","item":"https:\/\/didacweb.shop\/cedic2026\/"},{"@type":"ListItem","position":2,"name":"Formations &#038; Certifications"}]},{"@type":"WebSite","@id":"https:\/\/didacweb.shop\/cedic2026\/#website","url":"https:\/\/didacweb.shop\/cedic2026\/","name":"CEDIC","description":"Centre d&#039;\u00c9tude et de Recherche de Droit International et Communautaire","publisher":{"@id":"https:\/\/didacweb.shop\/cedic2026\/#organization"},"potentialAction":[{"@type":"SearchAction","target":{"@type":"EntryPoint","urlTemplate":"https:\/\/didacweb.shop\/cedic2026\/?s={search_term_string}"},"query-input":{"@type":"PropertyValueSpecification","valueRequired":true,"valueName":"search_term_string"}}],"inLanguage":"fr-FR"},{"@type":"Organization","@id":"https:\/\/didacweb.shop\/cedic2026\/#organization","name":"CEDIC","url":"https:\/\/didacweb.shop\/cedic2026\/","logo":{"@type":"ImageObject","inLanguage":"fr-FR","@id":"https:\/\/didacweb.shop\/cedic2026\/#\/schema\/logo\/image\/","url":"https:\/\/didacweb.shop\/cedic2026\/wp-content\/uploads\/2024\/08\/cropped-Logo-cedic1.png","contentUrl":"https:\/\/didacweb.shop\/cedic2026\/wp-content\/uploads\/2024\/08\/cropped-Logo-cedic1.png","width":250,"height":250,"caption":"CEDIC"},"image":{"@id":"https:\/\/didacweb.shop\/cedic2026\/#\/schema\/logo\/image\/"}}]}},"_links":{"self":[{"href":"https:\/\/didacweb.shop\/cedic2026\/wp-json\/wp\/v2\/pages\/9398","targetHints":{"allow":["GET"]}}],"collection":[{"href":"https:\/\/didacweb.shop\/cedic2026\/wp-json\/wp\/v2\/pages"}],"about":[{"href":"https:\/\/didacweb.shop\/cedic2026\/wp-json\/wp\/v2\/types\/page"}],"author":[{"embeddable":true,"href":"https:\/\/didacweb.shop\/cedic2026\/wp-json\/wp\/v2\/users\/1"}],"replies":[{"embeddable":true,"href":"https:\/\/didacweb.shop\/cedic2026\/wp-json\/wp\/v2\/comments?post=9398"}],"version-history":[{"count":11,"href":"https:\/\/didacweb.shop\/cedic2026\/wp-json\/wp\/v2\/pages\/9398\/revisions"}],"predecessor-version":[{"id":16533,"href":"https:\/\/didacweb.shop\/cedic2026\/wp-json\/wp\/v2\/pages\/9398\/revisions\/16533"}],"wp:attachment":[{"href":"https:\/\/didacweb.shop\/cedic2026\/wp-json\/wp\/v2\/media?parent=9398"}],"curies":[{"name":"wp","href":"https:\/\/api.w.org\/{rel}","templated":true}]}}