{"id":15411,"date":"2026-01-14T10:43:55","date_gmt":"2026-01-14T10:43:55","guid":{"rendered":"https:\/\/didacweb.shop\/cedic2026\/?page_id=15411"},"modified":"2026-04-15T14:14:58","modified_gmt":"2026-04-15T13:14:58","slug":"nos-partenaires","status":"publish","type":"page","link":"https:\/\/didacweb.shop\/cedic2026\/nos-partenaires\/","title":{"rendered":"Nos Partenaires"},"content":{"rendered":"\t\t<div data-elementor-type=\"wp-page\" data-elementor-id=\"15411\" class=\"elementor elementor-15411\">\n\t\t\t\t<div class=\"elementor-element elementor-element-ae2be0d e-flex e-con-boxed rt-default-class e-con e-parent\" data-id=\"ae2be0d\" data-element_type=\"container\">\n\t\t\t\t\t<div class=\"e-con-inner\">\n\t\t\t\t<div class=\"elementor-element elementor-element-0993d55 gallery-spacing-custom rt-default-class elementor-widget elementor-widget-image-gallery\" data-id=\"0993d55\" data-element_type=\"widget\" data-widget_type=\"image-gallery.default\">\n\t\t\t\t\t\t\t<div class=\"elementor-image-gallery\">\n\t\t\t<div id='gallery-1' class='gallery galleryid-15411 gallery-columns-4 gallery-size-full'><figure class='gallery-item'>\n\t\t\t<div class='gallery-icon landscape'>\n\t\t\t\t<a data-elementor-open-lightbox=\"yes\" data-elementor-lightbox-slideshow=\"0993d55\" data-elementor-lightbox-title=\"ICRC\" data-e-action-hash=\"#elementor-action%3Aaction%3Dlightbox%26settings%3DeyJpZCI6MTY1MjUsInVybCI6Imh0dHBzOlwvXC9kaWRhY3dlYi5zaG9wXC9jZWRpYzIwMjZcL3dwLWNvbnRlbnRcL3VwbG9hZHNcLzIwMjZcLzAxXC9JQ1JDLmpwZyIsInNsaWRlc2hvdyI6IjA5OTNkNTUifQ%3D%3D\" href='https:\/\/didacweb.shop\/cedic2026\/wp-content\/uploads\/2026\/01\/ICRC.jpg'><img fetchpriority=\"high\" decoding=\"async\" width=\"250\" height=\"250\" src=\"https:\/\/didacweb.shop\/cedic2026\/wp-content\/uploads\/2026\/01\/ICRC.jpg\" class=\"attachment-full size-full\" alt=\"\" srcset=\"https:\/\/didacweb.shop\/cedic2026\/wp-content\/uploads\/2026\/01\/ICRC.jpg 250w, https:\/\/didacweb.shop\/cedic2026\/wp-content\/uploads\/2026\/01\/ICRC-150x150.jpg 150w, https:\/\/didacweb.shop\/cedic2026\/wp-content\/uploads\/2026\/01\/ICRC-80x80.jpg 80w, https:\/\/didacweb.shop\/cedic2026\/wp-content\/uploads\/2026\/01\/ICRC-100x100.jpg 100w\" sizes=\"(max-width: 250px) 100vw, 250px\" \/><\/a>\n\t\t\t<\/div><\/figure><figure class='gallery-item'>\n\t\t\t<div class='gallery-icon landscape'>\n\t\t\t\t<a data-elementor-open-lightbox=\"yes\" data-elementor-lightbox-slideshow=\"0993d55\" data-elementor-lightbox-title=\"HCR\" data-e-action-hash=\"#elementor-action%3Aaction%3Dlightbox%26settings%3DeyJpZCI6MTY1MjQsInVybCI6Imh0dHBzOlwvXC9kaWRhY3dlYi5zaG9wXC9jZWRpYzIwMjZcL3dwLWNvbnRlbnRcL3VwbG9hZHNcLzIwMjZcLzAxXC9IQ1IuanBnIiwic2xpZGVzaG93IjoiMDk5M2Q1NSJ9\" href='https:\/\/didacweb.shop\/cedic2026\/wp-content\/uploads\/2026\/01\/HCR.jpg'><img decoding=\"async\" width=\"250\" height=\"250\" src=\"https:\/\/didacweb.shop\/cedic2026\/wp-content\/uploads\/2026\/01\/HCR.jpg\" class=\"attachment-full size-full\" alt=\"\" srcset=\"https:\/\/didacweb.shop\/cedic2026\/wp-content\/uploads\/2026\/01\/HCR.jpg 250w, https:\/\/didacweb.shop\/cedic2026\/wp-content\/uploads\/2026\/01\/HCR-150x150.jpg 150w, https:\/\/didacweb.shop\/cedic2026\/wp-content\/uploads\/2026\/01\/HCR-80x80.jpg 80w, https:\/\/didacweb.shop\/cedic2026\/wp-content\/uploads\/2026\/01\/HCR-100x100.jpg 100w\" sizes=\"(max-width: 250px) 100vw, 250px\" \/><\/a>\n\t\t\t<\/div><\/figure><figure class='gallery-item'>\n\t\t\t<div class='gallery-icon landscape'>\n\t\t\t\t<a data-elementor-open-lightbox=\"yes\" data-elementor-lightbox-slideshow=\"0993d55\" data-elementor-lightbox-title=\"Green Education\" data-e-action-hash=\"#elementor-action%3Aaction%3Dlightbox%26settings%3DeyJpZCI6MTY1MjMsInVybCI6Imh0dHBzOlwvXC9kaWRhY3dlYi5zaG9wXC9jZWRpYzIwMjZcL3dwLWNvbnRlbnRcL3VwbG9hZHNcLzIwMjZcLzAxXC9HcmVlbi1FZHVjYXRpb24uanBnIiwic2xpZGVzaG93IjoiMDk5M2Q1NSJ9\" href='https:\/\/didacweb.shop\/cedic2026\/wp-content\/uploads\/2026\/01\/Green-Education.jpg'><img decoding=\"async\" width=\"250\" height=\"250\" src=\"https:\/\/didacweb.shop\/cedic2026\/wp-content\/uploads\/2026\/01\/Green-Education.jpg\" class=\"attachment-full size-full\" alt=\"\" srcset=\"https:\/\/didacweb.shop\/cedic2026\/wp-content\/uploads\/2026\/01\/Green-Education.jpg 250w, https:\/\/didacweb.shop\/cedic2026\/wp-content\/uploads\/2026\/01\/Green-Education-150x150.jpg 150w, https:\/\/didacweb.shop\/cedic2026\/wp-content\/uploads\/2026\/01\/Green-Education-80x80.jpg 80w, https:\/\/didacweb.shop\/cedic2026\/wp-content\/uploads\/2026\/01\/Green-Education-100x100.jpg 100w\" sizes=\"(max-width: 250px) 100vw, 250px\" \/><\/a>\n\t\t\t<\/div><\/figure><figure class='gallery-item'>\n\t\t\t<div class='gallery-icon landscape'>\n\t\t\t\t<a data-elementor-open-lightbox=\"yes\" data-elementor-lightbox-slideshow=\"0993d55\" data-elementor-lightbox-title=\"WhatsApp Image 2026-01-14 at 11.22.55\" data-e-action-hash=\"#elementor-action%3Aaction%3Dlightbox%26settings%3DeyJpZCI6MTU0MzEsInVybCI6Imh0dHBzOlwvXC9kaWRhY3dlYi5zaG9wXC9jZWRpYzIwMjZcL3dwLWNvbnRlbnRcL3VwbG9hZHNcLzIwMjRcLzA4XC9XaGF0c0FwcC1JbWFnZS0yMDI2LTAxLTE0LWF0LTExLjIyLjU1LmpwZWciLCJzbGlkZXNob3ciOiIwOTkzZDU1In0%3D\" href='https:\/\/didacweb.shop\/cedic2026\/wp-content\/uploads\/2024\/08\/WhatsApp-Image-2026-01-14-at-11.22.55.jpeg'><img loading=\"lazy\" decoding=\"async\" width=\"1024\" height=\"348\" src=\"https:\/\/didacweb.shop\/cedic2026\/wp-content\/uploads\/2024\/08\/WhatsApp-Image-2026-01-14-at-11.22.55.jpeg\" class=\"attachment-full size-full\" alt=\"\" srcset=\"https:\/\/didacweb.shop\/cedic2026\/wp-content\/uploads\/2024\/08\/WhatsApp-Image-2026-01-14-at-11.22.55.jpeg 1024w, https:\/\/didacweb.shop\/cedic2026\/wp-content\/uploads\/2024\/08\/WhatsApp-Image-2026-01-14-at-11.22.55-300x102.jpeg 300w, https:\/\/didacweb.shop\/cedic2026\/wp-content\/uploads\/2024\/08\/WhatsApp-Image-2026-01-14-at-11.22.55-768x261.jpeg 768w, https:\/\/didacweb.shop\/cedic2026\/wp-content\/uploads\/2024\/08\/WhatsApp-Image-2026-01-14-at-11.22.55-600x204.jpeg 600w\" sizes=\"(max-width: 1024px) 100vw, 1024px\" \/><\/a>\n\t\t\t<\/div><\/figure>\n\t\t<\/div>\n\t\t<\/div>\n\t\t\t\t\t\t<\/div>\n\t\t\t\t\t<\/div>\n\t\t\t\t<\/div>\n\t\t<div class=\"elementor-element elementor-element-caa984a e-flex e-con-boxed rt-default-class e-con e-parent\" data-id=\"caa984a\" data-element_type=\"container\">\n\t\t\t\t\t<div class=\"e-con-inner\">\n\t\t<div class=\"elementor-element elementor-element-406a86f e-con-full e-flex rt-default-class e-con e-child\" data-id=\"406a86f\" data-element_type=\"container\">\n\t\t<div class=\"elementor-element elementor-element-1d4487a e-con-full e-flex rt-default-class e-con e-child\" data-id=\"1d4487a\" data-element_type=\"container\">\n\t\t\t\t<div class=\"elementor-element elementor-element-57cb330 rt-default-class elementor-widget elementor-widget-rt-react-image\" data-id=\"57cb330\" data-element_type=\"widget\" data-widget_type=\"rt-react-image.default\">\n\t\t\t\t<div class=\"elementor-widget-container\">\n\t\t\t\t\t                    <div class=\"react-image no\">\n                                    <img decoding=\"async\" class=\"react-multi-image   \" src=\"https:\/\/didacweb.shop\/cedic2026\/wp-content\/uploads\/2026\/01\/cedic-Temoignage.jpg\" alt=\"\"\/>\n                            <\/div>\n               \n    \t\t\t\t<\/div>\n\t\t\t\t<\/div>\n\t\t<div class=\"elementor-element elementor-element-161063d e-con-full e-flex rt-default-class e-con e-child\" data-id=\"161063d\" data-element_type=\"container\">\n\t\t\t\t<div class=\"elementor-element elementor-element-4022013 rt-default-class elementor-widget elementor-widget-rt-testimonial-slider\" data-id=\"4022013\" data-element_type=\"widget\" data-widget_type=\"rt-testimonial-slider.default\">\n\t\t\t\t<div class=\"elementor-widget-container\">\n\t\t\t\t\t        <div class=\"slider-inner-wrapper testimonial style2\">\n            <div class=\"swiper rt--slider slider-style2 rt_slider-2824\">\n                <div class=\"swiper-wrapper\">\n                    \r\n<div class=\"swiper-slide\">\r\n    <div class=\"single-testimonial slider_item\">\r\n                    <div class=\"rt-between mb--50\">\r\n                                    <div class=\"rt-review\">\r\n                        <div class=\"rating-star mb--10\">\r\n                            <i class=\"rating fas fa-star\"><\/i><i class=\"rating fas fa-star\"><\/i><i class=\"rating fas fa-star\"><\/i><i class=\"rating fas fa-star\"><\/i><i class=\"rating fas fa-star\"><\/i>                        <\/div>\r\n                    <\/div>\r\n                                <\/div>\r\n                        <p class=\"des testimonial-text\">\r\n                \u00ab La formation du CEDIC m\u2019a permis de renforcer mes comp\u00e9tences en gouvernance et de mieux comprendre les enjeux internationaux. Aujourd\u2019hui, je travaille dans un programme de coop\u00e9ration o\u00f9 j\u2019applique concr\u00e8tement les enseignements re\u00e7us. \u00bb            <\/p>\r\n                        <div class=\"rt-testimonial-author mt--50\">\r\n                <div class=\"rt-author-meta rt-flex rt-gap-20\">\r\n                                            <div class=\"rt-author-img rts__author--img\">\r\n                            <img decoding=\"async\" src=\"https:\/\/didacweb.shop\/cedic2026\/wp-content\/uploads\/2026\/01\/cedic-Temoignage.jpg\" alt=\"\">\r\n                        <\/div>\r\n                                                <div class=\"info\">\r\n                                                            <h5 class=\"title mb-1\"> Nadia M. <\/h5>\r\n                                                                <p class=\"designation\"> Auditrice en Gouvernance Internationale<\/p>\r\n                                                        <\/div>\r\n                                        <\/div>\r\n            <\/div> \r\n                <\/div>  \r\n<\/div>\r\n\r\n\r\n<div class=\"swiper-slide\">\r\n    <div class=\"single-testimonial slider_item\">\r\n                    <div class=\"rt-between mb--50\">\r\n                                    <div class=\"rt-review\">\r\n                        <div class=\"rating-star mb--10\">\r\n                            <i class=\"rating fas fa-star\"><\/i><i class=\"rating fas fa-star\"><\/i><i class=\"rating fas fa-star\"><\/i><i class=\"rating fas fa-star\"><\/i><i class=\"rating fas fa-star\"><\/i>                        <\/div>\r\n                    <\/div>\r\n                                <\/div>\r\n                        <p class=\"des testimonial-text\">\r\n                \u00ab Le CEDIC offre un cadre unique d\u2019apprentissage alliant th\u00e9orie et pratique. Les modules sur la gestion des risques \u00e9cologiques m\u2019ont ouvert de nouvelles opportunit\u00e9s dans le secteur du d\u00e9veloppement durable. \u00bb            <\/p>\r\n                        <div class=\"rt-testimonial-author mt--50\">\r\n                <div class=\"rt-author-meta rt-flex rt-gap-20\">\r\n                                            <div class=\"rt-author-img rts__author--img\">\r\n                            <img decoding=\"async\" src=\"https:\/\/didacweb.shop\/cedic2026\/wp-content\/uploads\/2026\/01\/cedic-Temoignage2.jpg\" alt=\"\">\r\n                        <\/div>\r\n                                                <div class=\"info\">\r\n                                                            <h5 class=\"title mb-1\">Jean-Marc T. <\/h5>\r\n                                                                <p class=\"designation\">Consultant en D\u00e9veloppement Durable<\/p>\r\n                                                        <\/div>\r\n                                        <\/div>\r\n            <\/div> \r\n                <\/div>  \r\n<\/div>\r\n\r\n\r\n<div class=\"swiper-slide\">\r\n    <div class=\"single-testimonial slider_item\">\r\n                    <div class=\"rt-between mb--50\">\r\n                                    <div class=\"rt-review\">\r\n                        <div class=\"rating-star mb--10\">\r\n                            <i class=\"rating fas fa-star\"><\/i><i class=\"rating fas fa-star\"><\/i><i class=\"rating fas fa-star\"><\/i><i class=\"rating fas fa-star\"><\/i><i class=\"rating fas fa-star\"><\/i>                        <\/div>\r\n                    <\/div>\r\n                                <\/div>\r\n                        <p class=\"des testimonial-text\">\r\n                \u00ab Gr\u00e2ce aux formations certifiantes du CEDIC, j\u2019ai acquis une solide ma\u00eetrise des m\u00e9canismes de protection des droits humains. L\u2019encadrement des experts et la qualit\u00e9 des cours ont \u00e9t\u00e9 d\u00e9terminants pour mon \u00e9volution professionnelle. \u00bb            <\/p>\r\n                        <div class=\"rt-testimonial-author mt--50\">\r\n                <div class=\"rt-author-meta rt-flex rt-gap-20\">\r\n                                            <div class=\"rt-author-img rts__author--img\">\r\n                            <img decoding=\"async\" src=\"https:\/\/didacweb.shop\/cedic2026\/wp-content\/uploads\/2026\/01\/cedic-Temoignage1.jpg\" alt=\"\">\r\n                        <\/div>\r\n                                                <div class=\"info\">\r\n                                                            <h5 class=\"title mb-1\">Estelle K.<\/h5>\r\n                                                                <p class=\"designation\">Sp\u00e9cialiste en Droits de l\u2019Homme<\/p>\r\n                                                        <\/div>\r\n                                        <\/div>\r\n            <\/div> \r\n                <\/div>  \r\n<\/div>\r\n\r\n                <\/div>\n            <\/div>\n\n                    <\/div>  \n                        <div class=\"swipper-navigation testimonial style2\">\n                    <span class=\"prev rts-prev2824\"><i class=\"rt-arrow-left\"><\/i><\/span>  \n                    <span class=\"next rts-next2824\"><i class=\"rt-arrow-right\"><\/i><\/span>                   \n                <\/div>\n                \n        <script type=\"text\/javascript\">\n            jQuery(document).ready(function() {\n                var swiper2824 = new Swiper(\".rt_slider-2824\", {\n                    slidesPerView: 1,\n                                        speed: 1000,\n                    slidesPerGroup: 1,\n                    loop: false,\n                    autoplay: false,\n                    spaceBetween: 30,\n                    pagination: {\n                        el: \".swiper-pagination\",\n                        clickable: true,                        \n                        type: \"bullets\",\n                    },\n                    centeredSlides: false,\n                    navigation: {\n                        nextEl: \".rts-next2824\",\n                        prevEl: \".rts-prev2824\",\n                    },\n                    breakpoints: {\n                        575: { slidesPerView: 1 },767: { slidesPerView: 1 },991: { slidesPerView: 1 },1199: { slidesPerView: 1 },                        1399: {\n                            slidesPerView: 1,\n                            spaceBetween: 30                        }\n                    }\n                });\n            });\n        <\/script>\n    \t\t\t\t<\/div>\n\t\t\t\t<\/div>\n\t\t\t\t<\/div>\n\t\t\t\t<\/div>\n\t\t\t\t<\/div>\n\t\t\t\t\t<\/div>\n\t\t\t\t<\/div>\n\t\t\t\t<\/div>\n\t\t","protected":false},"excerpt":{"rendered":"<p>\u00ab La formation du CEDIC m\u2019a permis de renforcer mes comp\u00e9tences en gouvernance et de mieux comprendre les enjeux internationaux. Aujourd\u2019hui, je travaille dans un programme de coop\u00e9ration o\u00f9 j\u2019applique&#8230;<\/p>\n","protected":false},"author":1,"featured_media":0,"parent":0,"menu_order":0,"comment_status":"closed","ping_status":"closed","template":"elementor_header_footer","meta":{"footnotes":""},"class_list":["post-15411","page","type-page","status-publish","hentry"],"yoast_head":"<!-- This site is optimized with the Yoast SEO plugin v26.7 - https:\/\/yoast.com\/wordpress\/plugins\/seo\/ -->\n<title>Nos Partenaires - CEDIC<\/title>\n<meta name=\"description\" content=\"Le CEDIC collabore avec des partenaires nationaux et internationaux pour renforcer la recherche, la formation et l\u2019expertise juridique.\" \/>\n<meta name=\"robots\" content=\"index, follow, max-snippet:-1, max-image-preview:large, max-video-preview:-1\" \/>\n<link rel=\"canonical\" href=\"https:\/\/didacweb.shop\/cedic2026\/nos-partenaires\/\" \/>\n<meta property=\"og:locale\" content=\"fr_FR\" \/>\n<meta property=\"og:type\" content=\"article\" \/>\n<meta property=\"og:title\" content=\"Nos Partenaires - CEDIC\" \/>\n<meta property=\"og:description\" content=\"Le CEDIC collabore avec des partenaires nationaux et internationaux pour renforcer la recherche, la formation et l\u2019expertise juridique.\" \/>\n<meta property=\"og:url\" content=\"https:\/\/didacweb.shop\/cedic2026\/nos-partenaires\/\" \/>\n<meta property=\"og:site_name\" content=\"CEDIC\" \/>\n<meta property=\"article:modified_time\" content=\"2026-04-15T13:14:58+00:00\" \/>\n<meta property=\"og:image\" content=\"https:\/\/didacweb.shop\/cedic2026\/wp-content\/uploads\/2026\/01\/ICRC.jpg\" \/>\n<meta name=\"twitter:card\" content=\"summary_large_image\" \/>\n<meta name=\"twitter:label1\" content=\"Dur\u00e9e de lecture estim\u00e9e\" \/>\n\t<meta name=\"twitter:data1\" content=\"2 minutes\" \/>\n<script type=\"application\/ld+json\" class=\"yoast-schema-graph\">{\"@context\":\"https:\/\/schema.org\",\"@graph\":[{\"@type\":\"WebPage\",\"@id\":\"https:\/\/didacweb.shop\/cedic2026\/nos-partenaires\/\",\"url\":\"https:\/\/didacweb.shop\/cedic2026\/nos-partenaires\/\",\"name\":\"Nos Partenaires - CEDIC\",\"isPartOf\":{\"@id\":\"https:\/\/didacweb.shop\/cedic2026\/#website\"},\"primaryImageOfPage\":{\"@id\":\"https:\/\/didacweb.shop\/cedic2026\/nos-partenaires\/#primaryimage\"},\"image\":{\"@id\":\"https:\/\/didacweb.shop\/cedic2026\/nos-partenaires\/#primaryimage\"},\"thumbnailUrl\":\"https:\/\/didacweb.shop\/cedic2026\/wp-content\/uploads\/2026\/01\/ICRC.jpg\",\"datePublished\":\"2026-01-14T10:43:55+00:00\",\"dateModified\":\"2026-04-15T13:14:58+00:00\",\"description\":\"Le CEDIC collabore avec des partenaires nationaux et internationaux pour renforcer la recherche, la formation et l\u2019expertise juridique.\",\"breadcrumb\":{\"@id\":\"https:\/\/didacweb.shop\/cedic2026\/nos-partenaires\/#breadcrumb\"},\"inLanguage\":\"fr-FR\",\"potentialAction\":[{\"@type\":\"ReadAction\",\"target\":[\"https:\/\/didacweb.shop\/cedic2026\/nos-partenaires\/\"]}]},{\"@type\":\"ImageObject\",\"inLanguage\":\"fr-FR\",\"@id\":\"https:\/\/didacweb.shop\/cedic2026\/nos-partenaires\/#primaryimage\",\"url\":\"https:\/\/didacweb.shop\/cedic2026\/wp-content\/uploads\/2026\/01\/ICRC.jpg\",\"contentUrl\":\"https:\/\/didacweb.shop\/cedic2026\/wp-content\/uploads\/2026\/01\/ICRC.jpg\"},{\"@type\":\"BreadcrumbList\",\"@id\":\"https:\/\/didacweb.shop\/cedic2026\/nos-partenaires\/#breadcrumb\",\"itemListElement\":[{\"@type\":\"ListItem\",\"position\":1,\"name\":\"Accueil\",\"item\":\"https:\/\/didacweb.shop\/cedic2026\/\"},{\"@type\":\"ListItem\",\"position\":2,\"name\":\"Nos Partenaires\"}]},{\"@type\":\"WebSite\",\"@id\":\"https:\/\/didacweb.shop\/cedic2026\/#website\",\"url\":\"https:\/\/didacweb.shop\/cedic2026\/\",\"name\":\"CEDIC\",\"description\":\"Centre d&#039;\u00c9tude et de Recherche de Droit International et Communautaire\",\"publisher\":{\"@id\":\"https:\/\/didacweb.shop\/cedic2026\/#organization\"},\"potentialAction\":[{\"@type\":\"SearchAction\",\"target\":{\"@type\":\"EntryPoint\",\"urlTemplate\":\"https:\/\/didacweb.shop\/cedic2026\/?s={search_term_string}\"},\"query-input\":{\"@type\":\"PropertyValueSpecification\",\"valueRequired\":true,\"valueName\":\"search_term_string\"}}],\"inLanguage\":\"fr-FR\"},{\"@type\":\"Organization\",\"@id\":\"https:\/\/didacweb.shop\/cedic2026\/#organization\",\"name\":\"CEDIC\",\"url\":\"https:\/\/didacweb.shop\/cedic2026\/\",\"logo\":{\"@type\":\"ImageObject\",\"inLanguage\":\"fr-FR\",\"@id\":\"https:\/\/didacweb.shop\/cedic2026\/#\/schema\/logo\/image\/\",\"url\":\"https:\/\/didacweb.shop\/cedic2026\/wp-content\/uploads\/2024\/08\/cropped-Logo-cedic1.png\",\"contentUrl\":\"https:\/\/didacweb.shop\/cedic2026\/wp-content\/uploads\/2024\/08\/cropped-Logo-cedic1.png\",\"width\":250,\"height\":250,\"caption\":\"CEDIC\"},\"image\":{\"@id\":\"https:\/\/didacweb.shop\/cedic2026\/#\/schema\/logo\/image\/\"}}]}<\/script>\n<!-- \/ Yoast SEO plugin. -->","yoast_head_json":{"title":"Nos Partenaires - CEDIC","description":"Le CEDIC collabore avec des partenaires nationaux et internationaux pour renforcer la recherche, la formation et l\u2019expertise juridique.","robots":{"index":"index","follow":"follow","max-snippet":"max-snippet:-1","max-image-preview":"max-image-preview:large","max-video-preview":"max-video-preview:-1"},"canonical":"https:\/\/didacweb.shop\/cedic2026\/nos-partenaires\/","og_locale":"fr_FR","og_type":"article","og_title":"Nos Partenaires - CEDIC","og_description":"Le CEDIC collabore avec des partenaires nationaux et internationaux pour renforcer la recherche, la formation et l\u2019expertise juridique.","og_url":"https:\/\/didacweb.shop\/cedic2026\/nos-partenaires\/","og_site_name":"CEDIC","article_modified_time":"2026-04-15T13:14:58+00:00","og_image":[{"url":"https:\/\/didacweb.shop\/cedic2026\/wp-content\/uploads\/2026\/01\/ICRC.jpg","type":"","width":"","height":""}],"twitter_card":"summary_large_image","twitter_misc":{"Dur\u00e9e de lecture estim\u00e9e":"2 minutes"},"schema":{"@context":"https:\/\/schema.org","@graph":[{"@type":"WebPage","@id":"https:\/\/didacweb.shop\/cedic2026\/nos-partenaires\/","url":"https:\/\/didacweb.shop\/cedic2026\/nos-partenaires\/","name":"Nos Partenaires - CEDIC","isPartOf":{"@id":"https:\/\/didacweb.shop\/cedic2026\/#website"},"primaryImageOfPage":{"@id":"https:\/\/didacweb.shop\/cedic2026\/nos-partenaires\/#primaryimage"},"image":{"@id":"https:\/\/didacweb.shop\/cedic2026\/nos-partenaires\/#primaryimage"},"thumbnailUrl":"https:\/\/didacweb.shop\/cedic2026\/wp-content\/uploads\/2026\/01\/ICRC.jpg","datePublished":"2026-01-14T10:43:55+00:00","dateModified":"2026-04-15T13:14:58+00:00","description":"Le CEDIC collabore avec des partenaires nationaux et internationaux pour renforcer la recherche, la formation et l\u2019expertise juridique.","breadcrumb":{"@id":"https:\/\/didacweb.shop\/cedic2026\/nos-partenaires\/#breadcrumb"},"inLanguage":"fr-FR","potentialAction":[{"@type":"ReadAction","target":["https:\/\/didacweb.shop\/cedic2026\/nos-partenaires\/"]}]},{"@type":"ImageObject","inLanguage":"fr-FR","@id":"https:\/\/didacweb.shop\/cedic2026\/nos-partenaires\/#primaryimage","url":"https:\/\/didacweb.shop\/cedic2026\/wp-content\/uploads\/2026\/01\/ICRC.jpg","contentUrl":"https:\/\/didacweb.shop\/cedic2026\/wp-content\/uploads\/2026\/01\/ICRC.jpg"},{"@type":"BreadcrumbList","@id":"https:\/\/didacweb.shop\/cedic2026\/nos-partenaires\/#breadcrumb","itemListElement":[{"@type":"ListItem","position":1,"name":"Accueil","item":"https:\/\/didacweb.shop\/cedic2026\/"},{"@type":"ListItem","position":2,"name":"Nos Partenaires"}]},{"@type":"WebSite","@id":"https:\/\/didacweb.shop\/cedic2026\/#website","url":"https:\/\/didacweb.shop\/cedic2026\/","name":"CEDIC","description":"Centre d&#039;\u00c9tude et de Recherche de Droit International et Communautaire","publisher":{"@id":"https:\/\/didacweb.shop\/cedic2026\/#organization"},"potentialAction":[{"@type":"SearchAction","target":{"@type":"EntryPoint","urlTemplate":"https:\/\/didacweb.shop\/cedic2026\/?s={search_term_string}"},"query-input":{"@type":"PropertyValueSpecification","valueRequired":true,"valueName":"search_term_string"}}],"inLanguage":"fr-FR"},{"@type":"Organization","@id":"https:\/\/didacweb.shop\/cedic2026\/#organization","name":"CEDIC","url":"https:\/\/didacweb.shop\/cedic2026\/","logo":{"@type":"ImageObject","inLanguage":"fr-FR","@id":"https:\/\/didacweb.shop\/cedic2026\/#\/schema\/logo\/image\/","url":"https:\/\/didacweb.shop\/cedic2026\/wp-content\/uploads\/2024\/08\/cropped-Logo-cedic1.png","contentUrl":"https:\/\/didacweb.shop\/cedic2026\/wp-content\/uploads\/2024\/08\/cropped-Logo-cedic1.png","width":250,"height":250,"caption":"CEDIC"},"image":{"@id":"https:\/\/didacweb.shop\/cedic2026\/#\/schema\/logo\/image\/"}}]}},"_links":{"self":[{"href":"https:\/\/didacweb.shop\/cedic2026\/wp-json\/wp\/v2\/pages\/15411","targetHints":{"allow":["GET"]}}],"collection":[{"href":"https:\/\/didacweb.shop\/cedic2026\/wp-json\/wp\/v2\/pages"}],"about":[{"href":"https:\/\/didacweb.shop\/cedic2026\/wp-json\/wp\/v2\/types\/page"}],"author":[{"embeddable":true,"href":"https:\/\/didacweb.shop\/cedic2026\/wp-json\/wp\/v2\/users\/1"}],"replies":[{"embeddable":true,"href":"https:\/\/didacweb.shop\/cedic2026\/wp-json\/wp\/v2\/comments?post=15411"}],"version-history":[{"count":19,"href":"https:\/\/didacweb.shop\/cedic2026\/wp-json\/wp\/v2\/pages\/15411\/revisions"}],"predecessor-version":[{"id":16804,"href":"https:\/\/didacweb.shop\/cedic2026\/wp-json\/wp\/v2\/pages\/15411\/revisions\/16804"}],"wp:attachment":[{"href":"https:\/\/didacweb.shop\/cedic2026\/wp-json\/wp\/v2\/media?parent=15411"}],"curies":[{"name":"wp","href":"https:\/\/api.w.org\/{rel}","templated":true}]}}