{"id":15399,"date":"2026-01-14T10:36:37","date_gmt":"2026-01-14T10:36:37","guid":{"rendered":"https:\/\/didacweb.shop\/cedic2026\/?page_id=15399"},"modified":"2026-01-20T12:57:28","modified_gmt":"2026-01-20T11:57:28","slug":"opportunites","status":"publish","type":"page","link":"https:\/\/didacweb.shop\/cedic2026\/membership\/opportunites\/","title":{"rendered":"Opportunit\u00e9s"},"content":{"rendered":"\t\t<div data-elementor-type=\"wp-page\" data-elementor-id=\"15399\" class=\"elementor elementor-15399\">\n\t\t\t\t<div class=\"elementor-element elementor-element-a89d76d e-flex e-con-boxed rt-default-class e-con e-parent\" data-id=\"a89d76d\" data-element_type=\"container\">\n\t\t\t\t\t<div class=\"e-con-inner\">\n\t\t\t\t\t<\/div>\n\t\t\t\t<\/div>\n\t\t\t\t<\/div>\n\t\t","protected":false},"excerpt":{"rendered":"","protected":false},"author":1,"featured_media":0,"parent":9119,"menu_order":0,"comment_status":"closed","ping_status":"closed","template":"elementor_header_footer","meta":{"footnotes":""},"class_list":["post-15399","page","type-page","status-publish","hentry"],"yoast_head":"<!-- This site is optimized with the Yoast SEO plugin v26.7 - https:\/\/yoast.com\/wordpress\/plugins\/seo\/ -->\n<title>Opportunit\u00e9s - CEDIC<\/title>\n<meta name=\"description\" content=\"D\u00e9couvrez les opportunit\u00e9s du CEDIC : formations, appels \u00e0 contribution, partenariats et activit\u00e9s en droit international.\" \/>\n<meta name=\"robots\" content=\"index, follow, max-snippet:-1, max-image-preview:large, max-video-preview:-1\" \/>\n<link rel=\"canonical\" href=\"https:\/\/didacweb.shop\/cedic2026\/membership\/opportunites\/\" \/>\n<meta property=\"og:locale\" content=\"fr_FR\" \/>\n<meta property=\"og:type\" content=\"article\" \/>\n<meta property=\"og:title\" content=\"Opportunit\u00e9s - CEDIC\" \/>\n<meta property=\"og:description\" content=\"D\u00e9couvrez les opportunit\u00e9s du CEDIC : formations, appels \u00e0 contribution, partenariats et activit\u00e9s en droit international.\" \/>\n<meta property=\"og:url\" content=\"https:\/\/didacweb.shop\/cedic2026\/membership\/opportunites\/\" \/>\n<meta property=\"og:site_name\" content=\"CEDIC\" \/>\n<meta property=\"article:modified_time\" content=\"2026-01-20T11:57:28+00:00\" \/>\n<meta name=\"twitter:card\" content=\"summary_large_image\" \/>\n<script type=\"application\/ld+json\" class=\"yoast-schema-graph\">{\"@context\":\"https:\/\/schema.org\",\"@graph\":[{\"@type\":\"WebPage\",\"@id\":\"https:\/\/didacweb.shop\/cedic2026\/membership\/opportunites\/\",\"url\":\"https:\/\/didacweb.shop\/cedic2026\/membership\/opportunites\/\",\"name\":\"Opportunit\u00e9s - CEDIC\",\"isPartOf\":{\"@id\":\"https:\/\/didacweb.shop\/cedic2026\/#website\"},\"datePublished\":\"2026-01-14T10:36:37+00:00\",\"dateModified\":\"2026-01-20T11:57:28+00:00\",\"description\":\"D\u00e9couvrez les opportunit\u00e9s du CEDIC : formations, appels \u00e0 contribution, partenariats et activit\u00e9s en droit international.\",\"breadcrumb\":{\"@id\":\"https:\/\/didacweb.shop\/cedic2026\/membership\/opportunites\/#breadcrumb\"},\"inLanguage\":\"fr-FR\",\"potentialAction\":[{\"@type\":\"ReadAction\",\"target\":[\"https:\/\/didacweb.shop\/cedic2026\/membership\/opportunites\/\"]}]},{\"@type\":\"BreadcrumbList\",\"@id\":\"https:\/\/didacweb.shop\/cedic2026\/membership\/opportunites\/#breadcrumb\",\"itemListElement\":[{\"@type\":\"ListItem\",\"position\":1,\"name\":\"Accueil\",\"item\":\"https:\/\/didacweb.shop\/cedic2026\/\"},{\"@type\":\"ListItem\",\"position\":2,\"name\":\"Membership\",\"item\":\"https:\/\/didacweb.shop\/cedic2026\/membership\/\"},{\"@type\":\"ListItem\",\"position\":3,\"name\":\"Opportunit\u00e9s\"}]},{\"@type\":\"WebSite\",\"@id\":\"https:\/\/didacweb.shop\/cedic2026\/#website\",\"url\":\"https:\/\/didacweb.shop\/cedic2026\/\",\"name\":\"CEDIC\",\"description\":\"Centre d&#039;\u00c9tude et de Recherche de Droit International et Communautaire\",\"publisher\":{\"@id\":\"https:\/\/didacweb.shop\/cedic2026\/#organization\"},\"potentialAction\":[{\"@type\":\"SearchAction\",\"target\":{\"@type\":\"EntryPoint\",\"urlTemplate\":\"https:\/\/didacweb.shop\/cedic2026\/?s={search_term_string}\"},\"query-input\":{\"@type\":\"PropertyValueSpecification\",\"valueRequired\":true,\"valueName\":\"search_term_string\"}}],\"inLanguage\":\"fr-FR\"},{\"@type\":\"Organization\",\"@id\":\"https:\/\/didacweb.shop\/cedic2026\/#organization\",\"name\":\"CEDIC\",\"url\":\"https:\/\/didacweb.shop\/cedic2026\/\",\"logo\":{\"@type\":\"ImageObject\",\"inLanguage\":\"fr-FR\",\"@id\":\"https:\/\/didacweb.shop\/cedic2026\/#\/schema\/logo\/image\/\",\"url\":\"https:\/\/didacweb.shop\/cedic2026\/wp-content\/uploads\/2024\/08\/cropped-Logo-cedic1.png\",\"contentUrl\":\"https:\/\/didacweb.shop\/cedic2026\/wp-content\/uploads\/2024\/08\/cropped-Logo-cedic1.png\",\"width\":250,\"height\":250,\"caption\":\"CEDIC\"},\"image\":{\"@id\":\"https:\/\/didacweb.shop\/cedic2026\/#\/schema\/logo\/image\/\"}}]}<\/script>\n<!-- \/ Yoast SEO plugin. -->","yoast_head_json":{"title":"Opportunit\u00e9s - CEDIC","description":"D\u00e9couvrez les opportunit\u00e9s du CEDIC : formations, appels \u00e0 contribution, partenariats et activit\u00e9s en droit international.","robots":{"index":"index","follow":"follow","max-snippet":"max-snippet:-1","max-image-preview":"max-image-preview:large","max-video-preview":"max-video-preview:-1"},"canonical":"https:\/\/didacweb.shop\/cedic2026\/membership\/opportunites\/","og_locale":"fr_FR","og_type":"article","og_title":"Opportunit\u00e9s - CEDIC","og_description":"D\u00e9couvrez les opportunit\u00e9s du CEDIC : formations, appels \u00e0 contribution, partenariats et activit\u00e9s en droit international.","og_url":"https:\/\/didacweb.shop\/cedic2026\/membership\/opportunites\/","og_site_name":"CEDIC","article_modified_time":"2026-01-20T11:57:28+00:00","twitter_card":"summary_large_image","schema":{"@context":"https:\/\/schema.org","@graph":[{"@type":"WebPage","@id":"https:\/\/didacweb.shop\/cedic2026\/membership\/opportunites\/","url":"https:\/\/didacweb.shop\/cedic2026\/membership\/opportunites\/","name":"Opportunit\u00e9s - CEDIC","isPartOf":{"@id":"https:\/\/didacweb.shop\/cedic2026\/#website"},"datePublished":"2026-01-14T10:36:37+00:00","dateModified":"2026-01-20T11:57:28+00:00","description":"D\u00e9couvrez les opportunit\u00e9s du CEDIC : formations, appels \u00e0 contribution, partenariats et activit\u00e9s en droit international.","breadcrumb":{"@id":"https:\/\/didacweb.shop\/cedic2026\/membership\/opportunites\/#breadcrumb"},"inLanguage":"fr-FR","potentialAction":[{"@type":"ReadAction","target":["https:\/\/didacweb.shop\/cedic2026\/membership\/opportunites\/"]}]},{"@type":"BreadcrumbList","@id":"https:\/\/didacweb.shop\/cedic2026\/membership\/opportunites\/#breadcrumb","itemListElement":[{"@type":"ListItem","position":1,"name":"Accueil","item":"https:\/\/didacweb.shop\/cedic2026\/"},{"@type":"ListItem","position":2,"name":"Membership","item":"https:\/\/didacweb.shop\/cedic2026\/membership\/"},{"@type":"ListItem","position":3,"name":"Opportunit\u00e9s"}]},{"@type":"WebSite","@id":"https:\/\/didacweb.shop\/cedic2026\/#website","url":"https:\/\/didacweb.shop\/cedic2026\/","name":"CEDIC","description":"Centre d&#039;\u00c9tude et de Recherche de Droit International et Communautaire","publisher":{"@id":"https:\/\/didacweb.shop\/cedic2026\/#organization"},"potentialAction":[{"@type":"SearchAction","target":{"@type":"EntryPoint","urlTemplate":"https:\/\/didacweb.shop\/cedic2026\/?s={search_term_string}"},"query-input":{"@type":"PropertyValueSpecification","valueRequired":true,"valueName":"search_term_string"}}],"inLanguage":"fr-FR"},{"@type":"Organization","@id":"https:\/\/didacweb.shop\/cedic2026\/#organization","name":"CEDIC","url":"https:\/\/didacweb.shop\/cedic2026\/","logo":{"@type":"ImageObject","inLanguage":"fr-FR","@id":"https:\/\/didacweb.shop\/cedic2026\/#\/schema\/logo\/image\/","url":"https:\/\/didacweb.shop\/cedic2026\/wp-content\/uploads\/2024\/08\/cropped-Logo-cedic1.png","contentUrl":"https:\/\/didacweb.shop\/cedic2026\/wp-content\/uploads\/2024\/08\/cropped-Logo-cedic1.png","width":250,"height":250,"caption":"CEDIC"},"image":{"@id":"https:\/\/didacweb.shop\/cedic2026\/#\/schema\/logo\/image\/"}}]}},"_links":{"self":[{"href":"https:\/\/didacweb.shop\/cedic2026\/wp-json\/wp\/v2\/pages\/15399","targetHints":{"allow":["GET"]}}],"collection":[{"href":"https:\/\/didacweb.shop\/cedic2026\/wp-json\/wp\/v2\/pages"}],"about":[{"href":"https:\/\/didacweb.shop\/cedic2026\/wp-json\/wp\/v2\/types\/page"}],"author":[{"embeddable":true,"href":"https:\/\/didacweb.shop\/cedic2026\/wp-json\/wp\/v2\/users\/1"}],"replies":[{"embeddable":true,"href":"https:\/\/didacweb.shop\/cedic2026\/wp-json\/wp\/v2\/comments?post=15399"}],"version-history":[{"count":7,"href":"https:\/\/didacweb.shop\/cedic2026\/wp-json\/wp\/v2\/pages\/15399\/revisions"}],"predecessor-version":[{"id":15560,"href":"https:\/\/didacweb.shop\/cedic2026\/wp-json\/wp\/v2\/pages\/15399\/revisions\/15560"}],"up":[{"embeddable":true,"href":"https:\/\/didacweb.shop\/cedic2026\/wp-json\/wp\/v2\/pages\/9119"}],"wp:attachment":[{"href":"https:\/\/didacweb.shop\/cedic2026\/wp-json\/wp\/v2\/media?parent=15399"}],"curies":[{"name":"wp","href":"https:\/\/api.w.org\/{rel}","templated":true}]}}